{"id":112,"date":"2025-11-13T09:00:35","date_gmt":"2025-11-13T09:00:35","guid":{"rendered":"http:\/\/dreamsauce.com.tr\/?post_type=product&#038;p=112"},"modified":"2025-12-24T05:50:45","modified_gmt":"2025-12-24T05:50:45","slug":"hot-chili","status":"publish","type":"product","link":"http:\/\/dreamsauce.com.tr\/en\/product\/hot-chili\/","title":{"rendered":"Hot Chilli"},"content":{"rendered":"","protected":false},"excerpt":{"rendered":"<p class=\"product-description-content\">Hot Chili sos, ya da bilinen di\u011fer ad\u0131yla &#8220;ac\u0131 sos&#8221;, T\u00fcrkiye&#8217;de heyecan verici ve lezzetli bir sos \u00e7e\u015fidi olarak bilinir. Bu sos, T\u00fcrk mutfa\u011f\u0131n\u0131n en \u00f6nemli ve en sevilen lezzetlerinden biridir. Meyve ve sebzelerin do\u011fal baharatlarla zenginle\u015ftirilmesinden elde edilen bu sos, yemeklere ate\u015fli bir lezzet katar.<\/p>\n<p class=\"product-description-content\">Hot Chili sos, T\u00fcrkiye&#8217;ye \u00f6zg\u00fc y\u00f6resel meyve ve sebzelerin enfes tatlar\u0131n\u0131 bir araya getirerek herkesin damak zevkine uyum sa\u011flar. \u00d6zellikle de ac\u0131 sevenlerin vazge\u00e7ilmezi olmu\u015ftur. Ac\u0131n\u0131n yan\u0131 s\u0131ra, bu sosun i\u00e7eri\u011findeki baharatlar sayesinde yemeklere egzotik bir lezzet kat\u0131l\u0131r. K\u0131rm\u0131z\u0131 biber, sar\u0131msak, so\u011fan ve zencefil gibi malzemelerin bir arada kullan\u0131lmas\u0131, Hot Chili sosunun e\u015fsiz tad\u0131n\u0131 ortaya \u00e7\u0131kar\u0131r. Hot Chili sos, T\u00fcrk mutfa\u011f\u0131n\u0131n en \u00f6zel tariflerinden biri olan kebaplarda kullan\u0131lmas\u0131yla \u00fcn kazanm\u0131\u015ft\u0131r.<\/p>\n<p class=\"product-description-content\">K\u0131rm\u0131z\u0131 biberler ve di\u011fer baharatlarla zenginle\u015ftirilerek elde edilen bu sos, kebaplar\u0131n yan\u0131nda servis edilerek yeme\u011fi daha keyifli hale getirir. Hot Chili sos, sadece lezzetiyle de\u011fil ayn\u0131 zamanda sa\u011fl\u0131\u011fa olan olumlu etkileriyle de dikkat \u00e7eker.<\/p>\n<p class=\"product-description-content\">\u0130\u00e7eri\u011findeki do\u011fal baharatlar, v\u00fccuda bir\u00e7ok vitamin ve mineral sa\u011flar. Ayr\u0131ca, ac\u0131n\u0131n v\u00fccutta endorfin hormonunun salg\u0131lanmas\u0131na yard\u0131mc\u0131 oldu\u011fu da bilinmektedir. Bu nedenle, Hot Chili sosu t\u00fcketmek sadece lezzetli de\u011fil ayn\u0131 zamanda sa\u011fl\u0131\u011fa da faydal\u0131d\u0131r.<\/p>\n<p><a href=\"https:\/\/www.trendyol.com\/dream-sauce\/hot-chili-320-gr-p-817494520?boutiqueId=61&amp;merchantId=954712&amp;filterOverPriceListings=false&amp;sav=true\"><img loading=\"lazy\" decoding=\"async\" class=\"alignnone wp-image-97\" src=\"http:\/\/dreamsauce.com.tr\/wp-content\/uploads\/2025\/11\/Trendyol_online-300x101.png\" alt=\"\" width=\"145\" height=\"49\" srcset=\"https:\/\/dreamsauce.com.tr\/wp-content\/uploads\/2025\/11\/Trendyol_online-300x101.png 300w, https:\/\/dreamsauce.com.tr\/wp-content\/uploads\/2025\/11\/Trendyol_online-1024x345.png 1024w, https:\/\/dreamsauce.com.tr\/wp-content\/uploads\/2025\/11\/Trendyol_online-768x259.png 768w, https:\/\/dreamsauce.com.tr\/wp-content\/uploads\/2025\/11\/Trendyol_online-1320x445.png 1320w, https:\/\/dreamsauce.com.tr\/wp-content\/uploads\/2025\/11\/Trendyol_online-600x202.png 600w, https:\/\/dreamsauce.com.tr\/wp-content\/uploads\/2025\/11\/Trendyol_online.png 1322w\" sizes=\"auto, (max-width: 145px) 100vw, 145px\" \/><\/a><\/p>","protected":false},"featured_media":113,"comment_status":"open","ping_status":"closed","template":"","meta":[],"product_brand":[19],"product_cat":[22],"product_tag":[],"class_list":{"0":"post-112","1":"product","2":"type-product","3":"status-publish","4":"has-post-thumbnail","6":"product_brand-dream-sauce","7":"product_cat-kucuk-sise-soslar","9":"first","10":"instock","11":"shipping-taxable","12":"product-type-simple"},"jetpack_sharing_enabled":true,"_links":{"self":[{"href":"http:\/\/dreamsauce.com.tr\/en\/wp-json\/wp\/v2\/product\/112","targetHints":{"allow":["GET"]}}],"collection":[{"href":"http:\/\/dreamsauce.com.tr\/en\/wp-json\/wp\/v2\/product"}],"about":[{"href":"http:\/\/dreamsauce.com.tr\/en\/wp-json\/wp\/v2\/types\/product"}],"replies":[{"embeddable":true,"href":"http:\/\/dreamsauce.com.tr\/en\/wp-json\/wp\/v2\/comments?post=112"}],"wp:featuredmedia":[{"embeddable":true,"href":"http:\/\/dreamsauce.com.tr\/en\/wp-json\/wp\/v2\/media\/113"}],"wp:attachment":[{"href":"http:\/\/dreamsauce.com.tr\/en\/wp-json\/wp\/v2\/media?parent=112"}],"wp:term":[{"taxonomy":"product_brand","embeddable":true,"href":"http:\/\/dreamsauce.com.tr\/en\/wp-json\/wp\/v2\/product_brand?post=112"},{"taxonomy":"product_cat","embeddable":true,"href":"http:\/\/dreamsauce.com.tr\/en\/wp-json\/wp\/v2\/product_cat?post=112"},{"taxonomy":"product_tag","embeddable":true,"href":"http:\/\/dreamsauce.com.tr\/en\/wp-json\/wp\/v2\/product_tag?post=112"}],"curies":[{"name":"wp","href":"https:\/\/api.w.org\/{rel}","templated":true}]}}