{"id":211,"date":"2025-11-13T10:38:35","date_gmt":"2025-11-13T10:38:35","guid":{"rendered":"http:\/\/dreamsauce.com.tr\/?post_type=product&#038;p=211"},"modified":"2025-12-24T05:44:33","modified_gmt":"2025-12-24T05:44:33","slug":"ranch-2","status":"publish","type":"product","link":"http:\/\/dreamsauce.com.tr\/en\/product\/ranch-2\/","title":{"rendered":"Ranch"},"content":{"rendered":"","protected":false},"excerpt":{"rendered":"<p class=\"product-description-content\">Benzersiz Ranch Sosumuz, damaklar\u0131n\u0131z\u0131 \u015f\u0131martacak tazelik ve lezzetin bir kombinasyonuyla doludur. Her damlas\u0131, \u00f6zenle se\u00e7ilmi\u015f baharatlar\u0131n ve yerel olarak yeti\u015ftirilmi\u015f en taze malzemelerin muhte\u015fem bir kar\u0131\u015f\u0131m\u0131n\u0131 sunar. Her bir \u0131s\u0131r\u0131k, tat alma duyular\u0131n\u0131z\u0131 co\u015fturacak ve yeme\u011finizin tad\u0131n\u0131 zenginle\u015ftirecek. Salatalar\u0131n\u0131za canl\u0131l\u0131k katarken, at\u0131\u015ft\u0131rmal\u0131klar\u0131n\u0131za heyecan katacak ve ana yemeklerinize m\u00fckemmel bir e\u015flik\u00e7i olacak.<\/p>\n<p class=\"product-description-content\">Benzersiz Ranch Sosu, yemek deneyiminizi bir sonraki seviyeye ta\u015f\u0131yacak ve sofran\u0131zdaki herkesi b\u00fcy\u00fcleyecek. Hadi, bu lezzet yolculu\u011funa kat\u0131l\u0131n ve en sevdi\u011finiz yemeklerle birlikte tad\u0131n\u0131 \u00e7\u0131kar\u0131n. \u0130ster patates k\u0131zartmas\u0131yla ister \u00e7\u0131t\u0131r tavuk kanatlar\u0131yla, her lokma sizi tatlar diyar\u0131na g\u00f6t\u00fcrecek.<\/p>\n<p class=\"product-description-content\">\u015eimdi, Benzersiz Ranch Sosu ile yeme\u011finizin tad\u0131n\u0131 \u00e7\u0131karman\u0131n zaman\u0131 geldi. Do\u011fall\u0131\u011f\u0131n ve tazeli\u011fin tad\u0131n\u0131 \u00e7\u0131kar\u0131n, lezzetin zirvesine birlikte ula\u015fal\u0131m!<\/p>\n<p><a href=\"https:\/\/www.trendyol.com\/dream-sauce\/ranch-sos-2000-gr-p-817691314?boutiqueId=61&amp;merchantId=954712&amp;filterOverPriceListings=false&amp;sav=true\"><img loading=\"lazy\" decoding=\"async\" class=\"alignnone wp-image-97\" src=\"http:\/\/dreamsauce.com.tr\/wp-content\/uploads\/2025\/11\/Trendyol_online-300x101.png\" alt=\"\" width=\"145\" height=\"49\" srcset=\"https:\/\/dreamsauce.com.tr\/wp-content\/uploads\/2025\/11\/Trendyol_online-300x101.png 300w, https:\/\/dreamsauce.com.tr\/wp-content\/uploads\/2025\/11\/Trendyol_online-1024x345.png 1024w, https:\/\/dreamsauce.com.tr\/wp-content\/uploads\/2025\/11\/Trendyol_online-768x259.png 768w, https:\/\/dreamsauce.com.tr\/wp-content\/uploads\/2025\/11\/Trendyol_online-1320x445.png 1320w, https:\/\/dreamsauce.com.tr\/wp-content\/uploads\/2025\/11\/Trendyol_online-600x202.png 600w, https:\/\/dreamsauce.com.tr\/wp-content\/uploads\/2025\/11\/Trendyol_online.png 1322w\" sizes=\"auto, (max-width: 145px) 100vw, 145px\" \/><\/a><\/p>","protected":false},"featured_media":212,"comment_status":"open","ping_status":"closed","template":"","meta":[],"product_brand":[19],"product_cat":[21],"product_tag":[],"class_list":{"0":"post-211","1":"product","2":"type-product","3":"status-publish","4":"has-post-thumbnail","6":"product_brand-dream-sauce","7":"product_cat-buyuk-sise-soslar","9":"first","10":"instock","11":"shipping-taxable","12":"product-type-simple"},"jetpack_sharing_enabled":true,"_links":{"self":[{"href":"http:\/\/dreamsauce.com.tr\/en\/wp-json\/wp\/v2\/product\/211","targetHints":{"allow":["GET"]}}],"collection":[{"href":"http:\/\/dreamsauce.com.tr\/en\/wp-json\/wp\/v2\/product"}],"about":[{"href":"http:\/\/dreamsauce.com.tr\/en\/wp-json\/wp\/v2\/types\/product"}],"replies":[{"embeddable":true,"href":"http:\/\/dreamsauce.com.tr\/en\/wp-json\/wp\/v2\/comments?post=211"}],"wp:featuredmedia":[{"embeddable":true,"href":"http:\/\/dreamsauce.com.tr\/en\/wp-json\/wp\/v2\/media\/212"}],"wp:attachment":[{"href":"http:\/\/dreamsauce.com.tr\/en\/wp-json\/wp\/v2\/media?parent=211"}],"wp:term":[{"taxonomy":"product_brand","embeddable":true,"href":"http:\/\/dreamsauce.com.tr\/en\/wp-json\/wp\/v2\/product_brand?post=211"},{"taxonomy":"product_cat","embeddable":true,"href":"http:\/\/dreamsauce.com.tr\/en\/wp-json\/wp\/v2\/product_cat?post=211"},{"taxonomy":"product_tag","embeddable":true,"href":"http:\/\/dreamsauce.com.tr\/en\/wp-json\/wp\/v2\/product_tag?post=211"}],"curies":[{"name":"wp","href":"https:\/\/api.w.org\/{rel}","templated":true}]}}