{"id":103,"date":"2025-11-13T08:34:12","date_gmt":"2025-11-13T08:34:12","guid":{"rendered":"http:\/\/dreamsauce.com.tr\/?post_type=product&#038;p=103"},"modified":"2025-12-24T05:51:07","modified_gmt":"2025-12-24T05:51:07","slug":"ketcap","status":"publish","type":"product","link":"https:\/\/dreamsauce.com.tr\/en\/product\/ketcap\/","title":{"rendered":"Ketchup"},"content":{"rendered":"","protected":false},"excerpt":{"rendered":"<p class=\"product-description-content\">Ket\u00e7ap, T\u00fcrkiye&#8217;nin en sevilen soslar\u0131ndan biridir ve bir\u00e7ok yemekte kullan\u0131lan bir temel malzemedir. T\u00fcrk mutfa\u011f\u0131na \u00f6zg\u00fc bir lezzet olan ket\u00e7ap sosu, tamamen do\u011fal ve kaliteli malzemelerle yap\u0131lm\u0131\u015ft\u0131r. Bu e\u015fsiz sos, herkesin damak tad\u0131na uygun bir \u015fekilde haz\u0131rlanm\u0131\u015ft\u0131r.<\/p>\n<p class=\"product-description-content\">\u0130\u00e7erisinde kullan\u0131lan domates, biber ve baharatlar sayesinde muhte\u015fem bir lezzet sunar. Sosun i\u00e7eri\u011finde hi\u00e7bir \u015fekilde yapay tatland\u0131r\u0131c\u0131lar, koruyucular veya katk\u0131 maddeleri yoktur, bu nedenle sa\u011fl\u0131kl\u0131 ve do\u011fal bir se\u00e7enektir.<\/p>\n<p class=\"product-description-content\">Ket\u00e7ap sosu, kullan\u0131m\u0131 olduk\u00e7a kolay olan \u00e7ok ama\u00e7l\u0131 bir sos olarak bilinir. \u00d6zellikle et yemeklerinde, k\u00f6ftelerde, patates k\u0131zartmalar\u0131nda ve sandvi\u00e7lerde vazge\u00e7ilmez bir lezzet katar. Ayr\u0131ca k\u0131zarm\u0131\u015f tavuk, bal\u0131k ve sebzelerle de muhte\u015fem uyum sa\u011flar. Sosun k\u0131vam\u0131, yemekler \u00fczerinde homojen bir \u015fekilde da\u011f\u0131l\u0131r ve hafif\u00e7e ak\u0131\u015fkan oldu\u011fu i\u00e7in yemeklere kolayl\u0131kla yay\u0131l\u0131r. Bu sayede yemekleriniz daha lezzetli ve g\u00f6z al\u0131c\u0131 bir g\u00f6r\u00fcn\u00fcme sahip olur.<\/p>\n<p><a href=\"https:\/\/www.trendyol.com\/dream-sauce\/ketcap-320-gr-p-817625926?boutiqueId=61&amp;merchantId=954712&amp;filterOverPriceListings=false&amp;sav=true\"><img loading=\"lazy\" decoding=\"async\" class=\"alignnone wp-image-97\" src=\"http:\/\/dreamsauce.com.tr\/wp-content\/uploads\/2025\/11\/Trendyol_online-300x101.png\" alt=\"\" width=\"145\" height=\"49\" srcset=\"https:\/\/dreamsauce.com.tr\/wp-content\/uploads\/2025\/11\/Trendyol_online-300x101.png 300w, https:\/\/dreamsauce.com.tr\/wp-content\/uploads\/2025\/11\/Trendyol_online-1024x345.png 1024w, https:\/\/dreamsauce.com.tr\/wp-content\/uploads\/2025\/11\/Trendyol_online-768x259.png 768w, https:\/\/dreamsauce.com.tr\/wp-content\/uploads\/2025\/11\/Trendyol_online-1320x445.png 1320w, https:\/\/dreamsauce.com.tr\/wp-content\/uploads\/2025\/11\/Trendyol_online-600x202.png 600w, https:\/\/dreamsauce.com.tr\/wp-content\/uploads\/2025\/11\/Trendyol_online.png 1322w\" sizes=\"auto, (max-width: 145px) 100vw, 145px\" \/><\/a><\/p>","protected":false},"featured_media":104,"comment_status":"open","ping_status":"closed","template":"","meta":[],"product_brand":[19],"product_cat":[22],"product_tag":[],"class_list":{"0":"post-103","1":"product","2":"type-product","3":"status-publish","4":"has-post-thumbnail","6":"product_brand-dream-sauce","7":"product_cat-kucuk-sise-soslar","9":"first","10":"instock","11":"shipping-taxable","12":"product-type-simple"},"jetpack_sharing_enabled":true,"_links":{"self":[{"href":"https:\/\/dreamsauce.com.tr\/en\/wp-json\/wp\/v2\/product\/103","targetHints":{"allow":["GET"]}}],"collection":[{"href":"https:\/\/dreamsauce.com.tr\/en\/wp-json\/wp\/v2\/product"}],"about":[{"href":"https:\/\/dreamsauce.com.tr\/en\/wp-json\/wp\/v2\/types\/product"}],"replies":[{"embeddable":true,"href":"https:\/\/dreamsauce.com.tr\/en\/wp-json\/wp\/v2\/comments?post=103"}],"wp:featuredmedia":[{"embeddable":true,"href":"https:\/\/dreamsauce.com.tr\/en\/wp-json\/wp\/v2\/media\/104"}],"wp:attachment":[{"href":"https:\/\/dreamsauce.com.tr\/en\/wp-json\/wp\/v2\/media?parent=103"}],"wp:term":[{"taxonomy":"product_brand","embeddable":true,"href":"https:\/\/dreamsauce.com.tr\/en\/wp-json\/wp\/v2\/product_brand?post=103"},{"taxonomy":"product_cat","embeddable":true,"href":"https:\/\/dreamsauce.com.tr\/en\/wp-json\/wp\/v2\/product_cat?post=103"},{"taxonomy":"product_tag","embeddable":true,"href":"https:\/\/dreamsauce.com.tr\/en\/wp-json\/wp\/v2\/product_tag?post=103"}],"curies":[{"name":"wp","href":"https:\/\/api.w.org\/{rel}","templated":true}]}}