{"id":105,"date":"2025-11-13T08:41:58","date_gmt":"2025-11-13T08:41:58","guid":{"rendered":"http:\/\/dreamsauce.com.tr\/?post_type=product&#038;p=105"},"modified":"2025-12-24T05:50:56","modified_gmt":"2025-12-24T05:50:56","slug":"sweet-chili","status":"publish","type":"product","link":"https:\/\/dreamsauce.com.tr\/en\/product\/sweet-chili\/","title":{"rendered":"Sweet Chilli"},"content":{"rendered":"","protected":false},"excerpt":{"rendered":"<p class=\"product-description-content\">Sweet Chili, d\u00fcnyada bir\u00e7ok farkl\u0131 yeme\u011fin yan\u0131nda kullan\u0131labilir. Mezelerin yan\u0131 s\u0131ra yemeklere, soslu tavuk ve et yemeklerine, hatta salatalara bile e\u015flik edebilir. \u00dcr\u00fcn\u00fcn \u00e7e\u015fitli kullan\u0131m alanlar\u0131, onu her yeme\u011fe ve at\u0131\u015ft\u0131rmal\u0131\u011fa uygun k\u0131lar. Bununla birlikte, Sweet Chili&#8217;nin T\u00fcrk mutfa\u011f\u0131ndaki yeri sadece yemeklerle s\u0131n\u0131rl\u0131 de\u011fildir.<\/p>\n<p class=\"product-description-content\">\u00dcr\u00fcn, \u00f6zel partiler, piknikler ve di\u011fer etkinlikler i\u00e7in de ideal bir tercihtir. Mezelerle birlikte servis edilerek sohbetlerinize renk katan bu lezzetli sos, misafirlerinizin be\u011fenisini kazanacak ve unutulmaz an\u0131lar yaratacakt\u0131r. Sweet Chili&#8217;nin \u00f6zel ambalaj\u0131, \u00fcr\u00fcn\u00fcn tazeli\u011fini korurken ayn\u0131 zamanda kolay kullan\u0131m sa\u011flar. \u015ei\u015feleme teknolojisi sayesinde \u00fcr\u00fcn, \u00fcretim a\u015famas\u0131ndan ambalajlamaya kadar steril ko\u015fullarda i\u015flenmektedir. B\u00f6ylece, t\u00fcketicilerimize en taze ve en kaliteli \u00fcr\u00fcn\u00fc sunulmas\u0131 i\u00e7in gereken \u00f6zen g\u00f6sterilmektedir.<\/p>\n<p class=\"product-description-content\">\u00dcstelik, Sweet Chili \u00e7ok y\u00f6nl\u00fc bir \u00fcr\u00fcnd\u00fcr. \u00dcr\u00fcn\u00fcn hafif baharatl\u0131 tatl\u0131 sosa sahip s\u00fcr\u00fcm\u00fc, ac\u0131 sevenler i\u00e7in ise daha yo\u011fun k\u0131vamda ac\u0131l\u0131 bir s\u00fcr\u00fcm\u00fc de mevcuttur. Bu sayede kullan\u0131c\u0131lar, kendi zevklerine g\u00f6re se\u00e7im yaparak \u00fcr\u00fcnden maksimum keyif alabilirler.<\/p>\n<p><a href=\"https:\/\/www.trendyol.com\/dream-sauce\/sweet-chili-sos-380-gr-p-816340723?boutiqueId=61&amp;merchantId=954712&amp;filterOverPriceListings=false&amp;sav=true\"><img loading=\"lazy\" decoding=\"async\" class=\"alignnone wp-image-97\" src=\"http:\/\/dreamsauce.com.tr\/wp-content\/uploads\/2025\/11\/Trendyol_online-300x101.png\" alt=\"\" width=\"145\" height=\"49\" srcset=\"https:\/\/dreamsauce.com.tr\/wp-content\/uploads\/2025\/11\/Trendyol_online-300x101.png 300w, https:\/\/dreamsauce.com.tr\/wp-content\/uploads\/2025\/11\/Trendyol_online-1024x345.png 1024w, https:\/\/dreamsauce.com.tr\/wp-content\/uploads\/2025\/11\/Trendyol_online-768x259.png 768w, https:\/\/dreamsauce.com.tr\/wp-content\/uploads\/2025\/11\/Trendyol_online-1320x445.png 1320w, https:\/\/dreamsauce.com.tr\/wp-content\/uploads\/2025\/11\/Trendyol_online-600x202.png 600w, https:\/\/dreamsauce.com.tr\/wp-content\/uploads\/2025\/11\/Trendyol_online.png 1322w\" sizes=\"auto, (max-width: 145px) 100vw, 145px\" \/><\/a><\/p>","protected":false},"featured_media":106,"comment_status":"open","ping_status":"closed","template":"","meta":[],"product_brand":[19],"product_cat":[22],"product_tag":[],"class_list":{"0":"post-105","1":"product","2":"type-product","3":"status-publish","4":"has-post-thumbnail","6":"product_brand-dream-sauce","7":"product_cat-kucuk-sise-soslar","9":"first","10":"instock","11":"shipping-taxable","12":"product-type-simple"},"jetpack_sharing_enabled":true,"_links":{"self":[{"href":"https:\/\/dreamsauce.com.tr\/en\/wp-json\/wp\/v2\/product\/105","targetHints":{"allow":["GET"]}}],"collection":[{"href":"https:\/\/dreamsauce.com.tr\/en\/wp-json\/wp\/v2\/product"}],"about":[{"href":"https:\/\/dreamsauce.com.tr\/en\/wp-json\/wp\/v2\/types\/product"}],"replies":[{"embeddable":true,"href":"https:\/\/dreamsauce.com.tr\/en\/wp-json\/wp\/v2\/comments?post=105"}],"wp:featuredmedia":[{"embeddable":true,"href":"https:\/\/dreamsauce.com.tr\/en\/wp-json\/wp\/v2\/media\/106"}],"wp:attachment":[{"href":"https:\/\/dreamsauce.com.tr\/en\/wp-json\/wp\/v2\/media?parent=105"}],"wp:term":[{"taxonomy":"product_brand","embeddable":true,"href":"https:\/\/dreamsauce.com.tr\/en\/wp-json\/wp\/v2\/product_brand?post=105"},{"taxonomy":"product_cat","embeddable":true,"href":"https:\/\/dreamsauce.com.tr\/en\/wp-json\/wp\/v2\/product_cat?post=105"},{"taxonomy":"product_tag","embeddable":true,"href":"https:\/\/dreamsauce.com.tr\/en\/wp-json\/wp\/v2\/product_tag?post=105"}],"curies":[{"name":"wp","href":"https:\/\/api.w.org\/{rel}","templated":true}]}}