{"id":129,"date":"2025-11-13T09:17:39","date_gmt":"2025-11-13T09:17:39","guid":{"rendered":"http:\/\/dreamsauce.com.tr\/?post_type=product&#038;p=129"},"modified":"2025-12-24T05:49:43","modified_gmt":"2025-12-24T05:49:43","slug":"sriracha","status":"publish","type":"product","link":"https:\/\/dreamsauce.com.tr\/en\/product\/sriracha\/","title":{"rendered":"Sriracha"},"content":{"rendered":"","protected":false},"excerpt":{"rendered":"<p class=\"product-description-content\">Sriracha sosu, T\u00fcrkiye&#8217;de de \u00e7ok pop\u00fcler olan bir baharat sosudur. Bu sos, Tay mutfa\u011f\u0131ndan gelmekle birlikte, zamanla d\u00fcnya genelinde de b\u00fcy\u00fck bir hayran kitlesine sahip olmu\u015ftur. Sriracha sosu, ac\u0131 ve tatl\u0131 tatlar\u0131 bir arada sunarak yeme\u011fe benzersiz bir lezzet katmaktad\u0131r.<\/p>\n<p class=\"product-description-content\">Bu sosun en \u00f6nemli bile\u015feni, ac\u0131 k\u0131rm\u0131z\u0131 biberlerdir. Bu biberler Thailanda \u00f6zg\u00fcd\u00fcr ve Sriracha oldu\u011fundan di\u011fer ac\u0131 biberlerden farkl\u0131 bir tada sahiptir. Bu biberler, \u00f6zenle se\u00e7ilerek fermente edilir ve \u00f6zel bir s\u00fcre\u00e7ten ge\u00e7irilerek sosun en \u00f6nemli malzemelerinden biri haline gelir.<\/p>\n<p class=\"product-description-content\">Bu e\u015fsiz sos, genellikle bir\u00e7ok yeme\u011fe eklenebilir ve yemeklere farkl\u0131 bir tat katmak i\u00e7in kullan\u0131l\u0131r. Tavuk veya et yemeklerinin yan\u0131 s\u0131ra bal\u0131k, deniz \u00fcr\u00fcnleri ve sebzelerle de harika bir uyum sa\u011flar. Ayr\u0131ca salatalar, sandvi\u00e7ler ve pizza gibi farkl\u0131 yiyeceklerde de kullan\u0131labilir. Sriracha sosu, sadece lezzetiyle de\u011fil ayn\u0131 zamanda sa\u011fl\u0131\u011fa faydal\u0131 \u00f6zellikleriyle de tercih edilen bir \u00fcr\u00fcnd\u00fcr. \u0130\u00e7eri\u011findeki do\u011fal bile\u015fenler sayesinde sindirime yard\u0131mc\u0131 olmas\u0131, v\u00fccuda enerji vermesi ve ba\u011f\u0131\u015f\u0131kl\u0131k sistemini g\u00fc\u00e7lendirmesi gibi bir\u00e7ok faydas\u0131 vard\u0131r.<\/p>\n<p><a href=\"https:\/\/www.trendyol.com\/dream-sauce\/sriracha-sos-340-gr-p-816340729?boutiqueId=61&amp;merchantId=954712&amp;filterOverPriceListings=false&amp;sav=true\"><img loading=\"lazy\" decoding=\"async\" class=\"alignnone wp-image-97\" src=\"http:\/\/dreamsauce.com.tr\/wp-content\/uploads\/2025\/11\/Trendyol_online-300x101.png\" alt=\"\" width=\"145\" height=\"49\" srcset=\"https:\/\/dreamsauce.com.tr\/wp-content\/uploads\/2025\/11\/Trendyol_online-300x101.png 300w, https:\/\/dreamsauce.com.tr\/wp-content\/uploads\/2025\/11\/Trendyol_online-1024x345.png 1024w, https:\/\/dreamsauce.com.tr\/wp-content\/uploads\/2025\/11\/Trendyol_online-768x259.png 768w, https:\/\/dreamsauce.com.tr\/wp-content\/uploads\/2025\/11\/Trendyol_online-1320x445.png 1320w, https:\/\/dreamsauce.com.tr\/wp-content\/uploads\/2025\/11\/Trendyol_online-600x202.png 600w, https:\/\/dreamsauce.com.tr\/wp-content\/uploads\/2025\/11\/Trendyol_online.png 1322w\" sizes=\"auto, (max-width: 145px) 100vw, 145px\" \/><\/a><\/p>","protected":false},"featured_media":130,"comment_status":"open","ping_status":"closed","template":"","meta":[],"product_brand":[19],"product_cat":[22],"product_tag":[],"class_list":{"0":"post-129","1":"product","2":"type-product","3":"status-publish","4":"has-post-thumbnail","6":"product_brand-dream-sauce","7":"product_cat-kucuk-sise-soslar","9":"first","10":"instock","11":"shipping-taxable","12":"product-type-simple"},"jetpack_sharing_enabled":true,"_links":{"self":[{"href":"https:\/\/dreamsauce.com.tr\/en\/wp-json\/wp\/v2\/product\/129","targetHints":{"allow":["GET"]}}],"collection":[{"href":"https:\/\/dreamsauce.com.tr\/en\/wp-json\/wp\/v2\/product"}],"about":[{"href":"https:\/\/dreamsauce.com.tr\/en\/wp-json\/wp\/v2\/types\/product"}],"replies":[{"embeddable":true,"href":"https:\/\/dreamsauce.com.tr\/en\/wp-json\/wp\/v2\/comments?post=129"}],"wp:featuredmedia":[{"embeddable":true,"href":"https:\/\/dreamsauce.com.tr\/en\/wp-json\/wp\/v2\/media\/130"}],"wp:attachment":[{"href":"https:\/\/dreamsauce.com.tr\/en\/wp-json\/wp\/v2\/media?parent=129"}],"wp:term":[{"taxonomy":"product_brand","embeddable":true,"href":"https:\/\/dreamsauce.com.tr\/en\/wp-json\/wp\/v2\/product_brand?post=129"},{"taxonomy":"product_cat","embeddable":true,"href":"https:\/\/dreamsauce.com.tr\/en\/wp-json\/wp\/v2\/product_cat?post=129"},{"taxonomy":"product_tag","embeddable":true,"href":"https:\/\/dreamsauce.com.tr\/en\/wp-json\/wp\/v2\/product_tag?post=129"}],"curies":[{"name":"wp","href":"https:\/\/api.w.org\/{rel}","templated":true}]}}