{"id":134,"date":"2025-11-13T09:22:07","date_gmt":"2025-11-13T09:22:07","guid":{"rendered":"http:\/\/dreamsauce.com.tr\/?post_type=product&#038;p=134"},"modified":"2025-12-24T05:49:33","modified_gmt":"2025-12-24T05:49:33","slug":"burger","status":"publish","type":"product","link":"https:\/\/dreamsauce.com.tr\/en\/product\/burger\/","title":{"rendered":"Burger"},"content":{"rendered":"","protected":false},"excerpt":{"rendered":"<p class=\"product-description-content\">Burger Sos, T\u00fcrkiye&#8217;de sundu\u011fumuz en e\u015fsiz ve lezzet dolu bir hamburger sosudur. Bu sos, hamburgerinize m\u00fckemmel bir lezzet katmak ve benzersiz bir deneyim sunmak i\u00e7in \u00f6zenle haz\u0131rlanm\u0131\u015ft\u0131r. Geleneksel T\u00fcrk mutfa\u011f\u0131n\u0131n etkileyici tatlar\u0131n\u0131 modern bir dokunu\u015fla birle\u015ftiren bu sos, tad\u0131n\u0131 unutulmaz k\u0131lmak i\u00e7in do\u011fal ve g\u00fcvenilir malzemelerden \u00fcretilmi\u015ftir. Birinci s\u0131n\u0131f et ve sebzelerin \u00f6zenle se\u00e7ilmesiyle elde edilen bu sos, do\u011fal lezzetini korur ve t\u00fcm hamburger severler i\u00e7in en iyi se\u00e7imdir. Kaliteli malzemelerimiz, sa\u011fl\u0131kl\u0131 ve dengeli bir beslenme i\u00e7in m\u00fckemmel bir se\u00e7enektir. Hamburgerinize zarar vermeden, onun tad\u0131n\u0131 daha da iyile\u015ftirir ve a\u011f\u0131zda suland\u0131ran bir dokuya sahiptir.<\/p>\n<p class=\"product-description-content\">Burger Sos, a\u00e7\u0131ktan kapal\u0131ya kadar dikkatle kontrol edilen hijyenik ko\u015fullar alt\u0131nda \u00fcretilmektedir. Dolay\u0131s\u0131yla m\u00fc\u015fterilerimize sa\u011fl\u0131kl\u0131 ve g\u00fcvenli bir \u00fcr\u00fcn sunmaktan gurur duyuyoruz. Her ad\u0131mda titizlikle takip edilen \u00fcretim s\u00fcrecimiz sayesinde, en taze ve en iyi kalitedeki \u00fcr\u00fcnleri sunabilmekteyiz.<\/p>\n<p class=\"product-description-content\">Burger Sos, \u00e7ok ama\u00e7l\u0131 bir \u00fcr\u00fcnd\u00fcr ve yaln\u0131zca hamburgerler ile de\u011fil, ayn\u0131 zamanda sandvi\u00e7ler, patates k\u0131zartmas\u0131 ve di\u011fer fast-food yiyeceklerinin harika bir tamamlay\u0131c\u0131s\u0131d\u0131r. Ayr\u0131ca, sosu pi\u015fmi\u015f etlere de ekleyebilir ve onlara da ayn\u0131 lezzeti katabilirsiniz. Ne kadar kulland\u0131\u011f\u0131n\u0131z tamamen size kalm\u0131\u015ft\u0131r, ancak tat ve aromay\u0131 ayarlamak i\u00e7in kullan\u0131m miktar\u0131n\u0131 kolayca kontrol edebilirsiniz.<\/p>\n<p><a href=\"https:\/\/www.trendyol.com\/dream-sauce\/burger-sos-330-gr-p-817491351?boutiqueId=61&amp;merchantId=954712&amp;filterOverPriceListings=false&amp;sav=true\"><img loading=\"lazy\" decoding=\"async\" class=\"alignnone wp-image-97\" src=\"http:\/\/dreamsauce.com.tr\/wp-content\/uploads\/2025\/11\/Trendyol_online-300x101.png\" alt=\"\" width=\"145\" height=\"49\" srcset=\"https:\/\/dreamsauce.com.tr\/wp-content\/uploads\/2025\/11\/Trendyol_online-300x101.png 300w, https:\/\/dreamsauce.com.tr\/wp-content\/uploads\/2025\/11\/Trendyol_online-1024x345.png 1024w, https:\/\/dreamsauce.com.tr\/wp-content\/uploads\/2025\/11\/Trendyol_online-768x259.png 768w, https:\/\/dreamsauce.com.tr\/wp-content\/uploads\/2025\/11\/Trendyol_online-1320x445.png 1320w, https:\/\/dreamsauce.com.tr\/wp-content\/uploads\/2025\/11\/Trendyol_online-600x202.png 600w, https:\/\/dreamsauce.com.tr\/wp-content\/uploads\/2025\/11\/Trendyol_online.png 1322w\" sizes=\"auto, (max-width: 145px) 100vw, 145px\" \/><\/a><\/p>","protected":false},"featured_media":135,"comment_status":"open","ping_status":"closed","template":"","meta":[],"product_brand":[19],"product_cat":[22],"product_tag":[],"class_list":{"0":"post-134","1":"product","2":"type-product","3":"status-publish","4":"has-post-thumbnail","6":"product_brand-dream-sauce","7":"product_cat-kucuk-sise-soslar","9":"first","10":"instock","11":"shipping-taxable","12":"product-type-simple"},"jetpack_sharing_enabled":true,"_links":{"self":[{"href":"https:\/\/dreamsauce.com.tr\/en\/wp-json\/wp\/v2\/product\/134","targetHints":{"allow":["GET"]}}],"collection":[{"href":"https:\/\/dreamsauce.com.tr\/en\/wp-json\/wp\/v2\/product"}],"about":[{"href":"https:\/\/dreamsauce.com.tr\/en\/wp-json\/wp\/v2\/types\/product"}],"replies":[{"embeddable":true,"href":"https:\/\/dreamsauce.com.tr\/en\/wp-json\/wp\/v2\/comments?post=134"}],"wp:featuredmedia":[{"embeddable":true,"href":"https:\/\/dreamsauce.com.tr\/en\/wp-json\/wp\/v2\/media\/135"}],"wp:attachment":[{"href":"https:\/\/dreamsauce.com.tr\/en\/wp-json\/wp\/v2\/media?parent=134"}],"wp:term":[{"taxonomy":"product_brand","embeddable":true,"href":"https:\/\/dreamsauce.com.tr\/en\/wp-json\/wp\/v2\/product_brand?post=134"},{"taxonomy":"product_cat","embeddable":true,"href":"https:\/\/dreamsauce.com.tr\/en\/wp-json\/wp\/v2\/product_cat?post=134"},{"taxonomy":"product_tag","embeddable":true,"href":"https:\/\/dreamsauce.com.tr\/en\/wp-json\/wp\/v2\/product_tag?post=134"}],"curies":[{"name":"wp","href":"https:\/\/api.w.org\/{rel}","templated":true}]}}