{"id":151,"date":"2025-11-13T09:44:41","date_gmt":"2025-11-13T09:44:41","guid":{"rendered":"http:\/\/dreamsauce.com.tr\/?post_type=product&#038;p=151"},"modified":"2025-12-24T05:48:28","modified_gmt":"2025-12-24T05:48:28","slug":"lutenitsa","status":"publish","type":"product","link":"https:\/\/dreamsauce.com.tr\/en\/product\/lutenitsa\/","title":{"rendered":"L\u00fctenitsa"},"content":{"rendered":"","protected":false},"excerpt":{"rendered":"<p><b>Lutenitsa \u2013 Balkanlardan Gelen Do\u011fal ve Nefis Bir Tat<\/b><\/p>\n<p>Lutenitsa, k\u00f6zlenmi\u015f k\u0131rm\u0131z\u0131 biber, domates, ve baharatlarla haz\u0131rlanan geleneksel bir Balkan sosudur. Yo\u011fun k\u0131vam\u0131, hafif tatl\u0131ms\u0131 lezzeti ve do\u011fal i\u00e7eri\u011fiyle kahvalt\u0131lardan ana yemeklere kadar her \u00f6\u011f\u00fcne lezzet katar. Katk\u0131 maddesi i\u00e7ermez, tamamen ev yap\u0131m\u0131 usul\u00fcyle \u00fcretilmi\u015ftir.<\/p>\n<p>Taze ekme\u011fin \u00fczerine s\u00fcrerek t\u00fcketebilir, et ve tavuk yemeklerinin yan\u0131nda sos olarak sunabilir, makarna ya da k\u0131zarm\u0131\u015f patatesle birlikte servis edebilirsiniz. Vegan ve vejetaryen beslenmeye uygundur.<\/p>\n<p>Do\u011fal, katk\u0131s\u0131z ve lezzetli bir alternatif ar\u0131yorsan\u0131z, lutenitsa sofralar\u0131n\u0131za fark katacak!<\/p>\n<p><a href=\"https:\/\/www.trendyol.com\/dream-sauce\/lutenitsa-190-gr-p-939792567?boutiqueId=61&amp;merchantId=954712&amp;filterOverPriceListings=false&amp;sav=true\"><img loading=\"lazy\" decoding=\"async\" class=\"alignnone wp-image-97\" src=\"http:\/\/dreamsauce.com.tr\/wp-content\/uploads\/2025\/11\/Trendyol_online-300x101.png\" alt=\"\" width=\"145\" height=\"49\" srcset=\"https:\/\/dreamsauce.com.tr\/wp-content\/uploads\/2025\/11\/Trendyol_online-300x101.png 300w, https:\/\/dreamsauce.com.tr\/wp-content\/uploads\/2025\/11\/Trendyol_online-1024x345.png 1024w, https:\/\/dreamsauce.com.tr\/wp-content\/uploads\/2025\/11\/Trendyol_online-768x259.png 768w, https:\/\/dreamsauce.com.tr\/wp-content\/uploads\/2025\/11\/Trendyol_online-1320x445.png 1320w, https:\/\/dreamsauce.com.tr\/wp-content\/uploads\/2025\/11\/Trendyol_online-600x202.png 600w, https:\/\/dreamsauce.com.tr\/wp-content\/uploads\/2025\/11\/Trendyol_online.png 1322w\" sizes=\"auto, (max-width: 145px) 100vw, 145px\" \/><\/a><\/p>","protected":false},"featured_media":152,"comment_status":"open","ping_status":"closed","template":"","meta":[],"product_brand":[19],"product_cat":[23],"product_tag":[],"class_list":{"0":"post-151","1":"product","2":"type-product","3":"status-publish","4":"has-post-thumbnail","6":"product_brand-dream-sauce","7":"product_cat-diger-soslar","9":"first","10":"instock","11":"shipping-taxable","12":"product-type-simple"},"jetpack_sharing_enabled":true,"_links":{"self":[{"href":"https:\/\/dreamsauce.com.tr\/en\/wp-json\/wp\/v2\/product\/151","targetHints":{"allow":["GET"]}}],"collection":[{"href":"https:\/\/dreamsauce.com.tr\/en\/wp-json\/wp\/v2\/product"}],"about":[{"href":"https:\/\/dreamsauce.com.tr\/en\/wp-json\/wp\/v2\/types\/product"}],"replies":[{"embeddable":true,"href":"https:\/\/dreamsauce.com.tr\/en\/wp-json\/wp\/v2\/comments?post=151"}],"wp:featuredmedia":[{"embeddable":true,"href":"https:\/\/dreamsauce.com.tr\/en\/wp-json\/wp\/v2\/media\/152"}],"wp:attachment":[{"href":"https:\/\/dreamsauce.com.tr\/en\/wp-json\/wp\/v2\/media?parent=151"}],"wp:term":[{"taxonomy":"product_brand","embeddable":true,"href":"https:\/\/dreamsauce.com.tr\/en\/wp-json\/wp\/v2\/product_brand?post=151"},{"taxonomy":"product_cat","embeddable":true,"href":"https:\/\/dreamsauce.com.tr\/en\/wp-json\/wp\/v2\/product_cat?post=151"},{"taxonomy":"product_tag","embeddable":true,"href":"https:\/\/dreamsauce.com.tr\/en\/wp-json\/wp\/v2\/product_tag?post=151"}],"curies":[{"name":"wp","href":"https:\/\/api.w.org\/{rel}","templated":true}]}}