{"id":167,"date":"2025-11-13T09:59:33","date_gmt":"2025-11-13T09:59:33","guid":{"rendered":"http:\/\/dreamsauce.com.tr\/?post_type=product&#038;p=167"},"modified":"2025-12-24T05:47:38","modified_gmt":"2025-12-24T05:47:38","slug":"cheddar-2800-gr","status":"publish","type":"product","link":"https:\/\/dreamsauce.com.tr\/en\/product\/cheddar-2800-gr\/","title":{"rendered":"Cheddar 2800 Gr"},"content":{"rendered":"","protected":false},"excerpt":{"rendered":"<p class=\"product-description-content\">Organik ve Taze Cheddar Sosu Lezzet dolu bir macera i\u00e7in haz\u0131r m\u0131s\u0131n\u0131z? Yeni Cheddar Sosumuzla tan\u0131\u015f\u0131n &#8211; organik ve taze malzemelerle haz\u0131rlanm\u0131\u015f, damaklar\u0131 \u015fenlendirecek bir lezzet \u015f\u00f6leni sunuyoruz.<\/p>\n<p class=\"product-description-content\">Do\u011fal ve Organik Malzemeler: Cheddar Sosumuzda kulland\u0131\u011f\u0131m\u0131z taze cheddar peyniri, do\u011fal s\u00fct, taze biberler ve \u00f6zenle se\u00e7ilmi\u015f baharatlar, sadece en kaliteli ve do\u011fal malzemelerden olu\u015fur.<\/p>\n<p class=\"product-description-content\">Organik tar\u0131m y\u00f6ntemlerini tercih ederek, sa\u011fl\u0131\u011f\u0131n\u0131z i\u00e7in en iyisini sunuyoruz.<\/p>\n<p class=\"product-description-content\">Yo\u011fun ve Lezzetli: Cheddar Sosumuz, yo\u011fun cheddar peyniri lezzetiyle damaklar\u0131 \u015fenlendirirken, hafif ac\u0131 biberlerin e\u015fsiz dokunu\u015fuyla m\u00fckemmel bir denge sa\u011flar.<\/p>\n<p class=\"product-description-content\">Her lokmada sizi bir lezzet yolculu\u011funa \u00e7\u0131karacak.<\/p>\n<p class=\"product-description-content\">K\u00f6keni: Cheddar Sosu, \u0130ngiltere&#8217;nin Somerset b\u00f6lgesine \u00f6zg\u00fc bir lezzettir.<\/p>\n<p class=\"product-description-content\">Bu muhte\u015fem sos, \u0130ngiliz mutfa\u011f\u0131n\u0131n zengin miras\u0131ndan ilham alarak haz\u0131rlanm\u0131\u015ft\u0131r. Her bir kavanozda, \u0130ngiltere&#8217;nin ye\u015fil \u00e7ay\u0131rlar\u0131ndan ve lezzet dolu mutfa\u011f\u0131ndan ilham ald\u0131k.<\/p>\n<p class=\"product-description-content\">\u00c7e\u015fitli Kullan\u0131m Alanlar\u0131: Cheddar Sosumuz, sadece patates k\u0131zartmas\u0131 ve nachos cipsiyle s\u0131n\u0131rl\u0131 de\u011fil! \u0130ster sandvi\u00e7lerinizi, ister hamburgerlerinizi, ister makarnalar\u0131n\u0131z\u0131 lezzetlendirin. Ayr\u0131ca, et ve tavuk yemeklerinizin yan\u0131nda harika bir e\u015flik\u00e7i olarak da kullanabilirsiniz. Yarat\u0131c\u0131l\u0131\u011f\u0131n\u0131z\u0131 serbest b\u0131rak\u0131n ve Cheddar Sosuyla mutfakta s\u0131n\u0131rlar\u0131 zorlay\u0131n. Cheddar Sosumuzla, \u0130ngiliz mutfa\u011f\u0131n\u0131n s\u0131cakl\u0131\u011f\u0131n\u0131 ve lezzetini sofran\u0131za getirin. E\u015fsiz tatlarla dolu bir lezzet yolculu\u011funa haz\u0131r m\u0131s\u0131n\u0131z?<\/p>\n<p><a href=\"https:\/\/www.trendyol.com\/dream-sauce\/cheddar-sos-2800-gr-teneke-p-820498219?boutiqueId=61&amp;merchantId=954712&amp;filterOverPriceListings=false&amp;sav=true\"><img loading=\"lazy\" decoding=\"async\" class=\"alignnone wp-image-97\" src=\"http:\/\/dreamsauce.com.tr\/wp-content\/uploads\/2025\/11\/Trendyol_online-300x101.png\" alt=\"\" width=\"145\" height=\"49\" srcset=\"https:\/\/dreamsauce.com.tr\/wp-content\/uploads\/2025\/11\/Trendyol_online-300x101.png 300w, https:\/\/dreamsauce.com.tr\/wp-content\/uploads\/2025\/11\/Trendyol_online-1024x345.png 1024w, https:\/\/dreamsauce.com.tr\/wp-content\/uploads\/2025\/11\/Trendyol_online-768x259.png 768w, https:\/\/dreamsauce.com.tr\/wp-content\/uploads\/2025\/11\/Trendyol_online-1320x445.png 1320w, https:\/\/dreamsauce.com.tr\/wp-content\/uploads\/2025\/11\/Trendyol_online-600x202.png 600w, https:\/\/dreamsauce.com.tr\/wp-content\/uploads\/2025\/11\/Trendyol_online.png 1322w\" sizes=\"auto, (max-width: 145px) 100vw, 145px\" \/><\/a><\/p>","protected":false},"featured_media":168,"comment_status":"open","ping_status":"closed","template":"","meta":[],"product_brand":[19],"product_cat":[23],"product_tag":[],"class_list":{"0":"post-167","1":"product","2":"type-product","3":"status-publish","4":"has-post-thumbnail","6":"product_brand-dream-sauce","7":"product_cat-diger-soslar","9":"first","10":"instock","11":"shipping-taxable","12":"product-type-simple"},"jetpack_sharing_enabled":true,"_links":{"self":[{"href":"https:\/\/dreamsauce.com.tr\/en\/wp-json\/wp\/v2\/product\/167","targetHints":{"allow":["GET"]}}],"collection":[{"href":"https:\/\/dreamsauce.com.tr\/en\/wp-json\/wp\/v2\/product"}],"about":[{"href":"https:\/\/dreamsauce.com.tr\/en\/wp-json\/wp\/v2\/types\/product"}],"replies":[{"embeddable":true,"href":"https:\/\/dreamsauce.com.tr\/en\/wp-json\/wp\/v2\/comments?post=167"}],"wp:featuredmedia":[{"embeddable":true,"href":"https:\/\/dreamsauce.com.tr\/en\/wp-json\/wp\/v2\/media\/168"}],"wp:attachment":[{"href":"https:\/\/dreamsauce.com.tr\/en\/wp-json\/wp\/v2\/media?parent=167"}],"wp:term":[{"taxonomy":"product_brand","embeddable":true,"href":"https:\/\/dreamsauce.com.tr\/en\/wp-json\/wp\/v2\/product_brand?post=167"},{"taxonomy":"product_cat","embeddable":true,"href":"https:\/\/dreamsauce.com.tr\/en\/wp-json\/wp\/v2\/product_cat?post=167"},{"taxonomy":"product_tag","embeddable":true,"href":"https:\/\/dreamsauce.com.tr\/en\/wp-json\/wp\/v2\/product_tag?post=167"}],"curies":[{"name":"wp","href":"https:\/\/api.w.org\/{rel}","templated":true}]}}