{"id":208,"date":"2025-11-13T10:35:59","date_gmt":"2025-11-13T10:35:59","guid":{"rendered":"http:\/\/dreamsauce.com.tr\/?post_type=product&#038;p=208"},"modified":"2025-12-24T05:44:43","modified_gmt":"2025-12-24T05:44:43","slug":"barbeku-2","status":"publish","type":"product","link":"https:\/\/dreamsauce.com.tr\/en\/product\/barbeku-2\/","title":{"rendered":"Barbecue"},"content":{"rendered":"","protected":false},"excerpt":{"rendered":"<p class=\"product-description-content\">Barbek\u00fc sosu, T\u00fcrkiye&#8217;de en \u00e7ok t\u00fcketilen ve sevilen lezzet soslar\u0131ndan biridir. \u00c7ok y\u00f6nl\u00fc kullan\u0131m\u0131, yo\u011fun aromas\u0131 ve benzersiz lezzeti ile sofralara renk ve lezzet katar. Barbek\u00fc sosu, et yemeklerinin yan\u0131 s\u0131ra tavuk, bal\u0131k ve sebze \u00e7e\u015fitlerine de lezzet katmak i\u00e7in kullan\u0131labilir. Etlerin marinasyonunda ve pi\u015firme s\u0131ras\u0131nda harika bir lezzet b\u00fct\u00fcnl\u00fc\u011f\u00fc sa\u011flar ve yemeklere \u00f6zel bir aroma verir. Sos, kal\u0131n k\u0131vam\u0131 sayesinde etlere yap\u0131\u015farak enfes bir kaplama olu\u015fturur ve sosun lezzetini tam anlam\u0131yla yans\u0131t\u0131r.<\/p>\n<p class=\"product-description-content\">Barbek\u00fc sosu, lezzetinin yan\u0131 s\u0131ra sa\u011fl\u0131kl\u0131 bir sos olarak da bilinir. \u00d6zellikle domatesin i\u00e7inde bulunan likopen ve antioksidanlar sayesinde v\u00fccut i\u00e7in olduk\u00e7a yararl\u0131d\u0131r. Ayr\u0131ca sosun i\u00e7indeki baharatlar, \u00f6zellikle k\u0131rm\u0131z\u0131 pul biber metabolizmay\u0131 h\u0131zland\u0131rarak sindirimi kolayla\u015ft\u0131r\u0131r ve sindirim sisteminin d\u00fczenli \u00e7al\u0131\u015fmas\u0131n\u0131 sa\u011flar.<\/p>\n<p class=\"product-description-content\">Bu muhte\u015fem sosun kullan\u0131m\u0131 da olduk\u00e7a kolayd\u0131r. Evinizde kullanaca\u011f\u0131n\u0131z bir yemekte ya da mangal partilerinde etlere s\u00fcrerek kullanabilir ve lezzetli bir sonu\u00e7 elde edebilirsiniz. Ayr\u0131ca sos, farkl\u0131 yemek tariflerine de eklenebilir ve yemeklere \u00f6zel bir tat katabilir.<\/p>\n<p><a href=\"https:\/\/www.trendyol.com\/dream-sauce\/barbeku-sos-2100-gr-p-817682792?boutiqueId=61&amp;merchantId=954712&amp;filterOverPriceListings=false&amp;sav=true\"><img loading=\"lazy\" decoding=\"async\" class=\"alignnone wp-image-97\" src=\"http:\/\/dreamsauce.com.tr\/wp-content\/uploads\/2025\/11\/Trendyol_online-300x101.png\" alt=\"\" width=\"145\" height=\"49\" srcset=\"https:\/\/dreamsauce.com.tr\/wp-content\/uploads\/2025\/11\/Trendyol_online-300x101.png 300w, https:\/\/dreamsauce.com.tr\/wp-content\/uploads\/2025\/11\/Trendyol_online-1024x345.png 1024w, https:\/\/dreamsauce.com.tr\/wp-content\/uploads\/2025\/11\/Trendyol_online-768x259.png 768w, https:\/\/dreamsauce.com.tr\/wp-content\/uploads\/2025\/11\/Trendyol_online-1320x445.png 1320w, https:\/\/dreamsauce.com.tr\/wp-content\/uploads\/2025\/11\/Trendyol_online-600x202.png 600w, https:\/\/dreamsauce.com.tr\/wp-content\/uploads\/2025\/11\/Trendyol_online.png 1322w\" sizes=\"auto, (max-width: 145px) 100vw, 145px\" \/><\/a><\/p>","protected":false},"featured_media":209,"comment_status":"open","ping_status":"closed","template":"","meta":[],"product_brand":[19],"product_cat":[21],"product_tag":[],"class_list":{"0":"post-208","1":"product","2":"type-product","3":"status-publish","4":"has-post-thumbnail","6":"product_brand-dream-sauce","7":"product_cat-buyuk-sise-soslar","9":"first","10":"instock","11":"shipping-taxable","12":"product-type-simple"},"jetpack_sharing_enabled":true,"_links":{"self":[{"href":"https:\/\/dreamsauce.com.tr\/en\/wp-json\/wp\/v2\/product\/208","targetHints":{"allow":["GET"]}}],"collection":[{"href":"https:\/\/dreamsauce.com.tr\/en\/wp-json\/wp\/v2\/product"}],"about":[{"href":"https:\/\/dreamsauce.com.tr\/en\/wp-json\/wp\/v2\/types\/product"}],"replies":[{"embeddable":true,"href":"https:\/\/dreamsauce.com.tr\/en\/wp-json\/wp\/v2\/comments?post=208"}],"wp:featuredmedia":[{"embeddable":true,"href":"https:\/\/dreamsauce.com.tr\/en\/wp-json\/wp\/v2\/media\/209"}],"wp:attachment":[{"href":"https:\/\/dreamsauce.com.tr\/en\/wp-json\/wp\/v2\/media?parent=208"}],"wp:term":[{"taxonomy":"product_brand","embeddable":true,"href":"https:\/\/dreamsauce.com.tr\/en\/wp-json\/wp\/v2\/product_brand?post=208"},{"taxonomy":"product_cat","embeddable":true,"href":"https:\/\/dreamsauce.com.tr\/en\/wp-json\/wp\/v2\/product_cat?post=208"},{"taxonomy":"product_tag","embeddable":true,"href":"https:\/\/dreamsauce.com.tr\/en\/wp-json\/wp\/v2\/product_tag?post=208"}],"curies":[{"name":"wp","href":"https:\/\/api.w.org\/{rel}","templated":true}]}}